{"id":2482,"date":"2017-01-13T11:14:26","date_gmt":"2017-01-13T11:14:26","guid":{"rendered":"http:\/\/www.agriturismo-valdamone.it\/de\/?page_id=2482"},"modified":"2022-09-30T10:00:52","modified_gmt":"2022-09-30T10:00:52","slug":"preise","status":"publish","type":"page","link":"https:\/\/www.agriturismo-valdamone.it\/de\/preise\/","title":{"rendered":"Preise"},"content":{"rendered":"<p><div  class=\"fusion-fullwidth fullwidth-box nonhundred-percent-fullwidth fusion-equal-height-columns\"  style='background-color: #f4f8fa;background-position: left top;background-repeat: no-repeat;padding-top:75px;padding-right:0px;padding-bottom:70px;padding-left:0px;border-top-width:0px;border-bottom-width:0px;border-color:#eae9e9;border-top-style:solid;border-bottom-style:solid;'><div class=\"fusion-builder-row fusion-row \"><div  class=\"fusion-layout-column fusion_builder_column fusion_builder_column_1_3  fusion-one-third fusion-column-first 1_3\"  style='margin-top:0px;margin-bottom:20px;'>\n\t\t\t<div class=\"fusion-column-wrapper\" style=\"background-image: url('http:\/\/agriturismo-valdamone.it\/test\/wp-content\/uploads\/2015\/02\/week.jpg');background-position:right top;background-repeat:no-repeat;-webkit-background-size:cover;-moz-background-size:cover;-o-background-size:cover;background-size:cover;\"  data-bg-url=\"http:\/\/agriturismo-valdamone.it\/test\/wp-content\/uploads\/2015\/02\/week.jpg\">\n\t\t\t\t<div class=\"fusion-clearfix\"><\/div>\n\n\t\t\t<\/div>\n\t\t<\/div><div  class=\"fusion-layout-column fusion_builder_column fusion_builder_column_1_3  fusion-one-third 1_3\"  style='margin-top:0px;margin-bottom:20px;'>\n\t\t\t<div class=\"fusion-column-wrapper\" style=\"background-color:#1d2939;padding: 40px;background-position:left top;background-repeat:no-repeat;-webkit-background-size:cover;-moz-background-size:cover;-o-background-size:cover;background-size:cover;\"  data-bg-url=\"\">\n\t\t\t\t<h5 style=\"text-align: center;\"><em><span style=\"color: #ffffff;\">\u201cKurzaufenthalt m\u00f6glich<br \/>\n(au\u00dfer im Juli und August)<br \/>\nHaustiere erlaubt<br \/>\n(nur Orchidea und Giglio)\u201d<\/span><\/em><\/h5>\n<p style=\"letter-spacing: 4px; font-size: 13px; text-align: center; line-height: 22px;\"><span style=\"color: #cbaa5c;\">DAS GANZE JAHR<br \/>\n<\/span><\/p>\n<div class=\"fusion-clearfix\"><\/div>\n\n\t\t\t<\/div>\n\t\t<\/div><div  class=\"fusion-layout-column fusion_builder_column fusion_builder_column_1_3  fusion-one-third fusion-column-last 1_3\"  style='margin-top:0px;margin-bottom:20px;'>\n\t\t\t<div class=\"fusion-column-wrapper\" style=\"background-image: url('http:\/\/agriturismo-valdamone.it\/test\/wp-content\/uploads\/2015\/02\/pet.jpg');background-position:left top;background-repeat:no-repeat;-webkit-background-size:cover;-moz-background-size:cover;-o-background-size:cover;background-size:cover;\"  data-bg-url=\"http:\/\/agriturismo-valdamone.it\/test\/wp-content\/uploads\/2015\/02\/pet.jpg\">\n\t\t\t\t<div class=\"fusion-clearfix\"><\/div>\n\n\t\t\t<\/div>\n\t\t<\/div><\/div><\/div><div  class=\"fusion-fullwidth fullwidth-box nonhundred-percent-fullwidth\"  style='background-color: rgba(255,255,255,0);background-position: left top;background-repeat: no-repeat;padding-top:0px;padding-right:0px;padding-bottom:60px;padding-left:0px;border-top-width:0px;border-bottom-width:0px;border-color:#eae9e9;border-top-style:solid;border-bottom-style:solid;'><div class=\"fusion-builder-row fusion-row \"><div  class=\"fusion-layout-column fusion_builder_column fusion_builder_column_1_1  fusion-one-full fusion-column-first fusion-column-last 1_1\"  style='margin-top:0px;margin-bottom:20px;'>\n\t\t\t<div class=\"fusion-column-wrapper\" style=\"background-position:left top;background-repeat:no-repeat;-webkit-background-size:cover;-moz-background-size:cover;-o-background-size:cover;background-size:cover;\"  data-bg-url=\"\">\n\t\t\t\t<h1 style=\"text-align: center;\">Preise 2023<\/h1>\n<div class=\"fusion-sep-clear\"><\/div><div class=\"fusion-separator sep-single sep-solid\" style=\"border-color:#cbaa5c;border-top-width:1px;margin-left: auto;margin-right: auto;margin-top:0px;margin-bottom:20px;width:100%;max-width:50px;\"><\/div><div class=\"fusion-table table-1\"><img loading=\"lazy\" decoding=\"async\" class=\"alignnone wp-image-2651 size-large\" src=\"http:\/\/www.agriturismo-valdamone.it\/wp-content\/uploads\/2022\/09\/prezzi-1024x300.png\" alt=\"\" width=\"1024\" height=\"300\" srcset=\"https:\/\/www.agriturismo-valdamone.it\/wp-content\/uploads\/2022\/09\/prezzi-200x59.png 200w, https:\/\/www.agriturismo-valdamone.it\/wp-content\/uploads\/2022\/09\/prezzi-300x88.png 300w, https:\/\/www.agriturismo-valdamone.it\/wp-content\/uploads\/2022\/09\/prezzi-400x117.png 400w, https:\/\/www.agriturismo-valdamone.it\/wp-content\/uploads\/2022\/09\/prezzi-600x176.png 600w, https:\/\/www.agriturismo-valdamone.it\/wp-content\/uploads\/2022\/09\/prezzi-768x225.png 768w, https:\/\/www.agriturismo-valdamone.it\/wp-content\/uploads\/2022\/09\/prezzi-800x234.png 800w, https:\/\/www.agriturismo-valdamone.it\/wp-content\/uploads\/2022\/09\/prezzi-1024x300.png 1024w, https:\/\/www.agriturismo-valdamone.it\/wp-content\/uploads\/2022\/09\/prezzi-1200x351.png 1200w, https:\/\/www.agriturismo-valdamone.it\/wp-content\/uploads\/2022\/09\/prezzi.png 1500w\" sizes=\"(max-width: 1024px) 100vw, 1024px\" \/><\/div>\n<p><strong>Anreise<br \/>\n<\/strong>Samstag ab 15 Uhr<br \/>\nBei Ankunft vor 15 Uhr kann die sofortige Wohnungs\u00fcbergabe nicht garantiert werden.<\/p>\n<p><strong>Abreise<br \/>\n<\/strong>Samstag bis 10 Uhr<\/p>\n<p><strong>Im Preis inbegriffene Leistungen:<br \/>\n<\/strong>Garten mit 2 gemauerten Barbecueanlagen<br \/>\nParkpl\u00e4tze in der Anlage<br \/>\nTische, Liegest\u00fchle, Sonnenschirme im Garten<br \/>\n50 eingez\u00e4unter Pool ( 10m x 5m, Tiefe 1,20m bis max. 1,50m ) mit Sonnenliegen und Sonnenschirmen<br \/>\nSchaukel f\u00fcr Kinder<br \/>\nFahrr\u00e4der<br \/>\nBettw\u00e4sche, Handt\u00fccher und Geschirrt\u00fccher<\/p>\n<p><strong>Nicht im Preis inbegriffene Leistungen:<br \/>\n<\/strong>Endreinigung obligatorisch 50,00 \u20ac<br \/>\nHeizung und Klimaanlage nach Verbrauch<br \/>\nSchlafsofa inklusiv Bettw\u00e4sche 50,00 \u20ac pro Woche (Orchidea)<br \/>\nKinderbett inklusiv Bettw\u00e4sche 30,00 \u20ac pro Woche<br \/>\nW\u00f6chentlicher W\u00e4schewechsel 35,00 \u20ac<br \/>\nPets euro 15,00 pro Aufenthalt (nur Orchidea and Giglio)<\/p>\n<p><strong>Zahlungsbedingungen<\/strong><br \/>\n30% der Gesamtsumme bei Buchung durch \u00dcberweisung<br \/>\nDie restlichen 70 % bei Ankunft in Bargeld oder mit Scheck oder einige Tage vor Ankunft durch \u00dcberweisung.<\/p>\n<p><strong>Stornierung<\/strong><\/p>\n<p>Bei schriftlicher Stornierung per Mail 30 Tage vor Anreise wird die Anzahlung zur\u00fcckerstattet. Bei versp\u00e4teter Stornierung wird von Fall zu Fall entschieden.<\/p>\n<p><strong>NB: <\/strong>In den Monaten Juli und August sind Reservierungen nur von Samstag bis Samstag zul\u00e4ssig.<\/p>\n<p><strong>Bankverbindung<br \/>\n<\/strong>Iban: <strong>IT13v0306972249100000002278 e Swift: BCITITMM<\/strong><\/p>\n<div class=\"fusion-clearfix\"><\/div>\n\n\t\t\t<\/div>\n\t\t<\/div><\/div><\/div><\/p>\n","protected":false},"excerpt":{"rendered":"","protected":false},"author":1,"featured_media":0,"parent":0,"menu_order":0,"comment_status":"closed","ping_status":"closed","template":"100-width.php","meta":{"footnotes":""},"class_list":["post-2482","page","type-page","status-publish","hentry"],"_links":{"self":[{"href":"https:\/\/www.agriturismo-valdamone.it\/de\/wp-json\/wp\/v2\/pages\/2482"}],"collection":[{"href":"https:\/\/www.agriturismo-valdamone.it\/de\/wp-json\/wp\/v2\/pages"}],"about":[{"href":"https:\/\/www.agriturismo-valdamone.it\/de\/wp-json\/wp\/v2\/types\/page"}],"author":[{"embeddable":true,"href":"https:\/\/www.agriturismo-valdamone.it\/de\/wp-json\/wp\/v2\/users\/1"}],"replies":[{"embeddable":true,"href":"https:\/\/www.agriturismo-valdamone.it\/de\/wp-json\/wp\/v2\/comments?post=2482"}],"version-history":[{"count":15,"href":"https:\/\/www.agriturismo-valdamone.it\/de\/wp-json\/wp\/v2\/pages\/2482\/revisions"}],"predecessor-version":[{"id":2660,"href":"https:\/\/www.agriturismo-valdamone.it\/de\/wp-json\/wp\/v2\/pages\/2482\/revisions\/2660"}],"wp:attachment":[{"href":"https:\/\/www.agriturismo-valdamone.it\/de\/wp-json\/wp\/v2\/media?parent=2482"}],"curies":[{"name":"wp","href":"https:\/\/api.w.org\/{rel}","templated":true}]}}